{"id":58,"date":"2026-02-19T08:48:11","date_gmt":"2026-02-19T08:48:11","guid":{"rendered":"https:\/\/test.jssteam.com\/?post_type=product&#038;p=58"},"modified":"2026-02-26T18:37:29","modified_gmt":"2026-02-26T18:37:29","slug":"profiline-prepare-02373000","status":"publish","type":"product","link":"https:\/\/test.jssteam.com\/?product=profiline-prepare-02373000","title":{"rendered":"SONAX PROFILINE Polymer NetShield"},"content":{"rendered":"<p>Dugotrajna za\u0161tita boje bez voska osigurava hibridnu za\u0161titu do 6 mjeseci zahvaljuju\u0107i tehnologiji Net Protection. Pru\u017ea intenzivnu obnovu boja i izvrstan vodoodbojan u\u010dinak. Smanjuje se prianjanje pra\u0161ine, prljav\u0161tine i insekata, \u0161to olak\u0161ava \u010di\u0161\u0107enje<\/p>\n<p>Pakiranje: 340 ml<\/p>\n","protected":false},"excerpt":{"rendered":"<p>Dugotrajna za\u0161tita boje bez voska osigurava hibridnu za\u0161titu do 6 mjeseci zahvaljuju\u0107i tehnologiji Net Protection. Pru\u017ea intenzivnu obnovu boja i izvrstan vodoodbojan u\u010dinak. Smanjuje se prianjanje pra\u0161ine, prljav\u0161tine i insekata, \u0161to olak\u0161ava \u010di\u0161\u0107enje Pakiranje: 340 ml<\/p>\n","protected":false},"featured_media":217,"comment_status":"open","ping_status":"closed","template":"","meta":[],"product_brand":[],"product_cat":[17],"product_tag":[31],"class_list":{"0":"post-58","1":"product","2":"type-product","3":"status-publish","4":"has-post-thumbnail","6":"product_cat-zastita-laka","7":"product_tag-pages","9":"first","10":"instock","11":"taxable","12":"shipping-taxable","13":"purchasable","14":"product-type-simple"},"jetpack_sharing_enabled":true,"_links":{"self":[{"href":"https:\/\/test.jssteam.com\/index.php?rest_route=\/wp\/v2\/product\/58","targetHints":{"allow":["GET"]}}],"collection":[{"href":"https:\/\/test.jssteam.com\/index.php?rest_route=\/wp\/v2\/product"}],"about":[{"href":"https:\/\/test.jssteam.com\/index.php?rest_route=\/wp\/v2\/types\/product"}],"replies":[{"embeddable":true,"href":"https:\/\/test.jssteam.com\/index.php?rest_route=%2Fwp%2Fv2%2Fcomments&post=58"}],"wp:featuredmedia":[{"embeddable":true,"href":"https:\/\/test.jssteam.com\/index.php?rest_route=\/wp\/v2\/media\/217"}],"wp:attachment":[{"href":"https:\/\/test.jssteam.com\/index.php?rest_route=%2Fwp%2Fv2%2Fmedia&parent=58"}],"wp:term":[{"taxonomy":"product_brand","embeddable":true,"href":"https:\/\/test.jssteam.com\/index.php?rest_route=%2Fwp%2Fv2%2Fproduct_brand&post=58"},{"taxonomy":"product_cat","embeddable":true,"href":"https:\/\/test.jssteam.com\/index.php?rest_route=%2Fwp%2Fv2%2Fproduct_cat&post=58"},{"taxonomy":"product_tag","embeddable":true,"href":"https:\/\/test.jssteam.com\/index.php?rest_route=%2Fwp%2Fv2%2Fproduct_tag&post=58"}],"curies":[{"name":"wp","href":"https:\/\/api.w.org\/{rel}","templated":true}]}}