{"id":53,"date":"2026-02-18T13:19:17","date_gmt":"2026-02-18T13:19:17","guid":{"rendered":"https:\/\/test.jssteam.com\/?post_type=product&#038;p=53"},"modified":"2026-02-26T18:35:30","modified_gmt":"2026-02-26T18:35:30","slug":"profiline-ultimate-cut-239300","status":"publish","type":"product","link":"https:\/\/test.jssteam.com\/?product=profiline-ultimate-cut-239300","title":{"rendered":"SONAX PROFILINE Ultimate Cut 6+"},"content":{"rendered":"<p style=\"text-align: left;\">Nova pasta Ultimate Cut 6+, br\u017ei i efikasniji Cut, \u0161tedi<br \/>\nvrijeme. Pasta je namijenjena kako za po\u010detnike tako<br \/>\ni za profesionalce. Zahvaljuju\u0107i primjeni novog tipa<br \/>\naluminijum oksida po prvi put, uspjeli smo da<br \/>\ndobijemo jedinstvenu mo\u0107 Cut-a. Pasta savr\u0161eno<br \/>\ndobro ima Cut, i uz upotrebu orbitalne ma\u0161ine.<br \/>\nPasta je najnovije dostignu\u0107e in\u017eenjera iz Neuburga.<br \/>\nPasta ima iste prednosti kao i ostale paste iz linije<br \/>\nProfiline, tj. ne sadr\u017ei silikone i druge filere, na<br \/>\nvodenoj je bazi i ne sadr\u017ei rastvariva\u010de.<br \/>\nLow dust tehnologija, poliranje bez pra\u0161ine.<\/p>\n<p style=\"text-align: left;\"><strong>Upotreba:<\/strong><\/p>\n<ul style=\"text-align: left;\">\n<li>Nanesite malu koli\u010dinu paste na spu\u017evu, preporuka HybridWollPad,<\/li>\n<li>polirajte oko 10 sekundi pri maloj brzini, sa ve\u0107im pritiskom i<\/li>\n<li>laganim nagibom ma\u0161ine za poliranje.<\/li>\n<li>Zatim lagano pritisnite cijelu povr\u0161inu spu\u017eve 20 sekundi.<\/li>\n<li>Uklonite ostatke poliranja.<\/li>\n<li>Nakon ove paste, preporuka je kori\u0161tenje SONAX Perfect Finish zavr\u0161ne paste.<\/li>\n<\/ul>\n<p style=\"text-align: left;\"><strong>Pakiranje:<\/strong>\u00a01 litar<\/p>\n","protected":false},"excerpt":{"rendered":"<p>Nova pasta Ultimate Cut 6+, br\u017ei i efikasniji Cut, \u0161tedi vrijeme. Pasta je namijenjena kako za po\u010detnike tako i za profesionalce. Zahvaljuju\u0107i primjeni novog tipa aluminijum oksida po prvi put, uspjeli smo da dobijemo jedinstvenu mo\u0107 Cut-a. Pasta savr\u0161eno dobro ima Cut, i uz upotrebu orbitalne ma\u0161ine. Pasta je najnovije dostignu\u0107e in\u017eenjera iz Neuburga. Pasta [&hellip;]<\/p>\n","protected":false},"featured_media":216,"comment_status":"open","ping_status":"closed","template":"","meta":[],"product_brand":[],"product_cat":[23],"product_tag":[],"class_list":{"0":"post-53","1":"product","2":"type-product","3":"status-publish","4":"has-post-thumbnail","6":"product_cat-poliranje","8":"first","9":"instock","10":"taxable","11":"shipping-taxable","12":"purchasable","13":"product-type-simple"},"jetpack_sharing_enabled":true,"_links":{"self":[{"href":"https:\/\/test.jssteam.com\/index.php?rest_route=\/wp\/v2\/product\/53","targetHints":{"allow":["GET"]}}],"collection":[{"href":"https:\/\/test.jssteam.com\/index.php?rest_route=\/wp\/v2\/product"}],"about":[{"href":"https:\/\/test.jssteam.com\/index.php?rest_route=\/wp\/v2\/types\/product"}],"replies":[{"embeddable":true,"href":"https:\/\/test.jssteam.com\/index.php?rest_route=%2Fwp%2Fv2%2Fcomments&post=53"}],"wp:featuredmedia":[{"embeddable":true,"href":"https:\/\/test.jssteam.com\/index.php?rest_route=\/wp\/v2\/media\/216"}],"wp:attachment":[{"href":"https:\/\/test.jssteam.com\/index.php?rest_route=%2Fwp%2Fv2%2Fmedia&parent=53"}],"wp:term":[{"taxonomy":"product_brand","embeddable":true,"href":"https:\/\/test.jssteam.com\/index.php?rest_route=%2Fwp%2Fv2%2Fproduct_brand&post=53"},{"taxonomy":"product_cat","embeddable":true,"href":"https:\/\/test.jssteam.com\/index.php?rest_route=%2Fwp%2Fv2%2Fproduct_cat&post=53"},{"taxonomy":"product_tag","embeddable":true,"href":"https:\/\/test.jssteam.com\/index.php?rest_route=%2Fwp%2Fv2%2Fproduct_tag&post=53"}],"curies":[{"name":"wp","href":"https:\/\/api.w.org\/{rel}","templated":true}]}}