{"id":221,"date":"2026-02-26T18:42:27","date_gmt":"2026-02-26T18:42:27","guid":{"rendered":"https:\/\/test.jssteam.com\/?post_type=product&#038;p=221"},"modified":"2026-02-26T18:42:27","modified_gmt":"2026-02-26T18:42:27","slug":"sonax-xtreme-cistac-tkanine-i-alkantare","status":"publish","type":"product","link":"https:\/\/test.jssteam.com\/?product=sonax-xtreme-cistac-tkanine-i-alkantare","title":{"rendered":"SONAX Xtreme \u010dista\u010d tkanine i alkantare"},"content":{"rendered":"<p>Nje\u017eno i temeljito \u010disti sve tekstilne povr\u0161ine u unutra\u0161njosti automobila, \u010dak i osjetljiva alkantara sjedala. Istovremeno neutralizator mirisa trajno neutralizira neugodne mirise kao \u0161to su duhanski dim i \u017eivotinjski mirisi. Ostavlja svje\u017e miris. Ne ostavlja tragove ne\u010dito\u0107e.<\/p>\n<p>Pakiranja: 400 ml<\/p>\n","protected":false},"excerpt":{"rendered":"<p>Nje\u017eno i temeljito \u010disti sve tekstilne povr\u0161ine u unutra\u0161njosti automobila, \u010dak i osjetljiva alkantara sjedala. Istovremeno neutralizator mirisa trajno neutralizira neugodne mirise kao \u0161to su duhanski dim i \u017eivotinjski mirisi. Ostavlja svje\u017e miris. Ne ostavlja tragove ne\u010dito\u0107e. Pakiranja: 400 ml<\/p>\n","protected":false},"featured_media":222,"comment_status":"open","ping_status":"closed","template":"","meta":[],"product_brand":[],"product_cat":[26],"product_tag":[],"class_list":{"0":"post-221","1":"product","2":"type-product","3":"status-publish","4":"has-post-thumbnail","6":"product_cat-ciscenje","8":"first","9":"instock","10":"taxable","11":"shipping-taxable","12":"purchasable","13":"product-type-simple"},"jetpack_sharing_enabled":true,"_links":{"self":[{"href":"https:\/\/test.jssteam.com\/index.php?rest_route=\/wp\/v2\/product\/221","targetHints":{"allow":["GET"]}}],"collection":[{"href":"https:\/\/test.jssteam.com\/index.php?rest_route=\/wp\/v2\/product"}],"about":[{"href":"https:\/\/test.jssteam.com\/index.php?rest_route=\/wp\/v2\/types\/product"}],"replies":[{"embeddable":true,"href":"https:\/\/test.jssteam.com\/index.php?rest_route=%2Fwp%2Fv2%2Fcomments&post=221"}],"wp:featuredmedia":[{"embeddable":true,"href":"https:\/\/test.jssteam.com\/index.php?rest_route=\/wp\/v2\/media\/222"}],"wp:attachment":[{"href":"https:\/\/test.jssteam.com\/index.php?rest_route=%2Fwp%2Fv2%2Fmedia&parent=221"}],"wp:term":[{"taxonomy":"product_brand","embeddable":true,"href":"https:\/\/test.jssteam.com\/index.php?rest_route=%2Fwp%2Fv2%2Fproduct_brand&post=221"},{"taxonomy":"product_cat","embeddable":true,"href":"https:\/\/test.jssteam.com\/index.php?rest_route=%2Fwp%2Fv2%2Fproduct_cat&post=221"},{"taxonomy":"product_tag","embeddable":true,"href":"https:\/\/test.jssteam.com\/index.php?rest_route=%2Fwp%2Fv2%2Fproduct_tag&post=221"}],"curies":[{"name":"wp","href":"https:\/\/api.w.org\/{rel}","templated":true}]}}