{"id":219,"date":"2026-02-26T18:40:14","date_gmt":"2026-02-26T18:40:14","guid":{"rendered":"https:\/\/test.jssteam.com\/?post_type=product&#038;p=219"},"modified":"2026-02-26T18:40:15","modified_gmt":"2026-02-26T18:40:15","slug":"sonax-profiline-paint-prepare-finish-control","status":"publish","type":"product","link":"https:\/\/test.jssteam.com\/?product=sonax-profiline-paint-prepare-finish-control","title":{"rendered":"SONAX PROFILINE Paint Prepare \u2013 Finish control"},"content":{"rendered":"<p>Posebno otapalo za u\u010dinkovito uklanjanje slojeva masti i ulja s lakiranih povr\u0161ina. Priprema lakiranu povr\u0161inu za nano\u0161enje dugotrajnog brtvila SONaX Nano za\u0161tita boje. Idealno za kontroliranje posljedica poliranja bez holograma, kao i za odma\u0161\u0107ivanje prije nano\u0161enja novog sloja laka.<\/p>\n<p>Pakiranje: 400 ml<\/p>\n","protected":false},"excerpt":{"rendered":"<p>Posebno otapalo za u\u010dinkovito uklanjanje slojeva masti i ulja s lakiranih povr\u0161ina. Priprema lakiranu povr\u0161inu za nano\u0161enje dugotrajnog brtvila SONaX Nano za\u0161tita boje. Idealno za kontroliranje posljedica poliranja bez holograma, kao i za odma\u0161\u0107ivanje prije nano\u0161enja novog sloja laka. Pakiranje: 400 ml<\/p>\n","protected":false},"featured_media":220,"comment_status":"open","ping_status":"closed","template":"","meta":[],"product_brand":[],"product_cat":[26,23],"product_tag":[],"class_list":{"0":"post-219","1":"product","2":"type-product","3":"status-publish","4":"has-post-thumbnail","6":"product_cat-ciscenje","7":"product_cat-poliranje","9":"first","10":"instock","11":"taxable","12":"shipping-taxable","13":"purchasable","14":"product-type-simple"},"jetpack_sharing_enabled":true,"_links":{"self":[{"href":"https:\/\/test.jssteam.com\/index.php?rest_route=\/wp\/v2\/product\/219","targetHints":{"allow":["GET"]}}],"collection":[{"href":"https:\/\/test.jssteam.com\/index.php?rest_route=\/wp\/v2\/product"}],"about":[{"href":"https:\/\/test.jssteam.com\/index.php?rest_route=\/wp\/v2\/types\/product"}],"replies":[{"embeddable":true,"href":"https:\/\/test.jssteam.com\/index.php?rest_route=%2Fwp%2Fv2%2Fcomments&post=219"}],"wp:featuredmedia":[{"embeddable":true,"href":"https:\/\/test.jssteam.com\/index.php?rest_route=\/wp\/v2\/media\/220"}],"wp:attachment":[{"href":"https:\/\/test.jssteam.com\/index.php?rest_route=%2Fwp%2Fv2%2Fmedia&parent=219"}],"wp:term":[{"taxonomy":"product_brand","embeddable":true,"href":"https:\/\/test.jssteam.com\/index.php?rest_route=%2Fwp%2Fv2%2Fproduct_brand&post=219"},{"taxonomy":"product_cat","embeddable":true,"href":"https:\/\/test.jssteam.com\/index.php?rest_route=%2Fwp%2Fv2%2Fproduct_cat&post=219"},{"taxonomy":"product_tag","embeddable":true,"href":"https:\/\/test.jssteam.com\/index.php?rest_route=%2Fwp%2Fv2%2Fproduct_tag&post=219"}],"curies":[{"name":"wp","href":"https:\/\/api.w.org\/{rel}","templated":true}]}}