{"id":177,"date":"2026-02-25T09:45:10","date_gmt":"2026-02-25T09:45:10","guid":{"rendered":"https:\/\/test.jssteam.com\/?post_type=product&#038;p=177"},"modified":"2026-02-26T19:15:36","modified_gmt":"2026-02-26T19:15:36","slug":"xtreme-brilliant-shine-detailer","status":"publish","type":"product","link":"https:\/\/test.jssteam.com\/?product=xtreme-brilliant-shine-detailer","title":{"rendered":"SONAX Xtreme Briliant Shine Detailer BSD"},"content":{"rendered":"<p>Za brzu njegu laka. Nje\u017eno i temeljito \u010disti blago zaprljane povr\u0161ine, bez ostavljanja ogrebotina. Pobolj\u0161ava boju i daje laku\u00a0 glatku povr\u0161inu i duboki sjaj. Osvje\u017eava postoje\u0107i vosak na laku i pru\u017ea dodatni u\u010dinak odbijanja vode.<\/p>\n<p>Pakiranja: 750 ml<\/p>\n","protected":false},"excerpt":{"rendered":"<p>Za brzu njegu laka. Nje\u017eno i temeljito \u010disti blago zaprljane povr\u0161ine, bez ostavljanja ogrebotina. Pobolj\u0161ava boju i daje laku\u00a0 glatku povr\u0161inu i duboki sjaj. Osvje\u017eava postoje\u0107i vosak na laku i pru\u017ea dodatni u\u010dinak odbijanja vode. Pakiranja: 750 ml<\/p>\n","protected":false},"featured_media":178,"comment_status":"open","ping_status":"closed","template":"","meta":[],"product_brand":[],"product_cat":[25],"product_tag":[],"class_list":{"0":"post-177","1":"product","2":"type-product","3":"status-publish","4":"has-post-thumbnail","6":"product_cat-njega","8":"first","9":"instock","10":"taxable","11":"shipping-taxable","12":"purchasable","13":"product-type-simple"},"jetpack_sharing_enabled":true,"_links":{"self":[{"href":"https:\/\/test.jssteam.com\/index.php?rest_route=\/wp\/v2\/product\/177","targetHints":{"allow":["GET"]}}],"collection":[{"href":"https:\/\/test.jssteam.com\/index.php?rest_route=\/wp\/v2\/product"}],"about":[{"href":"https:\/\/test.jssteam.com\/index.php?rest_route=\/wp\/v2\/types\/product"}],"replies":[{"embeddable":true,"href":"https:\/\/test.jssteam.com\/index.php?rest_route=%2Fwp%2Fv2%2Fcomments&post=177"}],"wp:featuredmedia":[{"embeddable":true,"href":"https:\/\/test.jssteam.com\/index.php?rest_route=\/wp\/v2\/media\/178"}],"wp:attachment":[{"href":"https:\/\/test.jssteam.com\/index.php?rest_route=%2Fwp%2Fv2%2Fmedia&parent=177"}],"wp:term":[{"taxonomy":"product_brand","embeddable":true,"href":"https:\/\/test.jssteam.com\/index.php?rest_route=%2Fwp%2Fv2%2Fproduct_brand&post=177"},{"taxonomy":"product_cat","embeddable":true,"href":"https:\/\/test.jssteam.com\/index.php?rest_route=%2Fwp%2Fv2%2Fproduct_cat&post=177"},{"taxonomy":"product_tag","embeddable":true,"href":"https:\/\/test.jssteam.com\/index.php?rest_route=%2Fwp%2Fv2%2Fproduct_tag&post=177"}],"curies":[{"name":"wp","href":"https:\/\/api.w.org\/{rel}","templated":true}]}}