{"id":175,"date":"2026-02-25T09:42:15","date_gmt":"2026-02-25T09:42:15","guid":{"rendered":"https:\/\/test.jssteam.com\/?post_type=product&#038;p=175"},"modified":"2026-02-26T19:14:27","modified_gmt":"2026-02-26T19:14:27","slug":"losion-za-njegu-koze-1l","status":"publish","type":"product","link":"https:\/\/test.jssteam.com\/?product=losion-za-njegu-koze-1l","title":{"rendered":"SONAX PROFILINE Losion za njegu ko\u017ee"},"content":{"rendered":"<p>Losion za njegu ko\u017ee -Bez voska, sa UV za\u0161titom. Odr\u017eava i vra\u0107a ko\u017ei originalnu boju. Vra\u0107a ko\u017ei meko\u0107u, brzo se upija i ne masti.<\/p>\n<p>Pakiranje: 1000 ml<\/p>\n","protected":false},"excerpt":{"rendered":"<p>Losion za njegu ko\u017ee -Bez voska, sa UV za\u0161titom. Odr\u017eava i vra\u0107a ko\u017ei originalnu boju. Vra\u0107a ko\u017ei meko\u0107u, brzo se upija i ne masti. Pakiranje: 1000 ml<\/p>\n","protected":false},"featured_media":176,"comment_status":"open","ping_status":"closed","template":"","meta":[],"product_brand":[],"product_cat":[25],"product_tag":[],"class_list":{"0":"post-175","1":"product","2":"type-product","3":"status-publish","4":"has-post-thumbnail","6":"product_cat-njega","8":"first","9":"instock","10":"taxable","11":"shipping-taxable","12":"purchasable","13":"product-type-simple"},"jetpack_sharing_enabled":true,"_links":{"self":[{"href":"https:\/\/test.jssteam.com\/index.php?rest_route=\/wp\/v2\/product\/175","targetHints":{"allow":["GET"]}}],"collection":[{"href":"https:\/\/test.jssteam.com\/index.php?rest_route=\/wp\/v2\/product"}],"about":[{"href":"https:\/\/test.jssteam.com\/index.php?rest_route=\/wp\/v2\/types\/product"}],"replies":[{"embeddable":true,"href":"https:\/\/test.jssteam.com\/index.php?rest_route=%2Fwp%2Fv2%2Fcomments&post=175"}],"wp:featuredmedia":[{"embeddable":true,"href":"https:\/\/test.jssteam.com\/index.php?rest_route=\/wp\/v2\/media\/176"}],"wp:attachment":[{"href":"https:\/\/test.jssteam.com\/index.php?rest_route=%2Fwp%2Fv2%2Fmedia&parent=175"}],"wp:term":[{"taxonomy":"product_brand","embeddable":true,"href":"https:\/\/test.jssteam.com\/index.php?rest_route=%2Fwp%2Fv2%2Fproduct_brand&post=175"},{"taxonomy":"product_cat","embeddable":true,"href":"https:\/\/test.jssteam.com\/index.php?rest_route=%2Fwp%2Fv2%2Fproduct_cat&post=175"},{"taxonomy":"product_tag","embeddable":true,"href":"https:\/\/test.jssteam.com\/index.php?rest_route=%2Fwp%2Fv2%2Fproduct_tag&post=175"}],"curies":[{"name":"wp","href":"https:\/\/api.w.org\/{rel}","templated":true}]}}