{"id":159,"date":"2026-02-23T11:39:48","date_gmt":"2026-02-23T11:39:48","guid":{"rendered":"https:\/\/test.jssteam.com\/?post_type=product&#038;p=159"},"modified":"2026-02-26T19:08:04","modified_gmt":"2026-02-26T19:08:04","slug":"sonax-profiline-ceramiccoating-cc36","status":"publish","type":"product","link":"https:\/\/test.jssteam.com\/?product=sonax-profiline-ceramiccoating-cc36","title":{"rendered":"SONAX PROFILINE CeramicCoating CC36"},"content":{"rendered":"<p>Tvrdo kao staklo, ali fleksibilna dugotrajna za\u0161tita s iznimnom otporno\u0161\u0107u na UV svjetlo i kemikalije, ali i na agresivne utjecaje iz okoli\u0161a kao \u0161to su sol, katran, uli\u010dna i industrijska zaga\u0111enja. Povr\u0161ina postaje super hidrofobna, djeluje odbijaju\u0107i prljav\u0161tinu i posti\u017ee manje napora za odr\u017eavanje zbog u\u010dinka \u201clako za \u010di\u0161\u0107enje\u201d. Daje nevjerojatan duboki sjaj impresivnim intenzitetom boje. Ako se pravilno odr\u017eava i ako se obavljaju godi\u0161nji servisi, CC36 mo\u017ee za\u0161tititi do 36 mjeseci.<\/p>\n","protected":false},"excerpt":{"rendered":"<p>Tvrdo kao staklo, ali fleksibilna dugotrajna za\u0161tita s iznimnom otporno\u0161\u0107u na UV svjetlo i kemikalije, ali i na agresivne utjecaje iz okoli\u0161a kao \u0161to su sol, katran, uli\u010dna i industrijska zaga\u0111enja. Povr\u0161ina postaje super hidrofobna, djeluje odbijaju\u0107i prljav\u0161tinu i posti\u017ee manje napora za odr\u017eavanje zbog u\u010dinka \u201clako za \u010di\u0161\u0107enje\u201d. Daje nevjerojatan duboki sjaj impresivnim intenzitetom [&hellip;]<\/p>\n","protected":false},"featured_media":160,"comment_status":"open","ping_status":"closed","template":"","meta":[],"product_brand":[],"product_cat":[17],"product_tag":[],"class_list":{"0":"post-159","1":"product","2":"type-product","3":"status-publish","4":"has-post-thumbnail","6":"product_cat-zastita-laka","8":"first","9":"instock","10":"taxable","11":"shipping-taxable","12":"purchasable","13":"product-type-simple"},"jetpack_sharing_enabled":true,"_links":{"self":[{"href":"https:\/\/test.jssteam.com\/index.php?rest_route=\/wp\/v2\/product\/159","targetHints":{"allow":["GET"]}}],"collection":[{"href":"https:\/\/test.jssteam.com\/index.php?rest_route=\/wp\/v2\/product"}],"about":[{"href":"https:\/\/test.jssteam.com\/index.php?rest_route=\/wp\/v2\/types\/product"}],"replies":[{"embeddable":true,"href":"https:\/\/test.jssteam.com\/index.php?rest_route=%2Fwp%2Fv2%2Fcomments&post=159"}],"wp:featuredmedia":[{"embeddable":true,"href":"https:\/\/test.jssteam.com\/index.php?rest_route=\/wp\/v2\/media\/160"}],"wp:attachment":[{"href":"https:\/\/test.jssteam.com\/index.php?rest_route=%2Fwp%2Fv2%2Fmedia&parent=159"}],"wp:term":[{"taxonomy":"product_brand","embeddable":true,"href":"https:\/\/test.jssteam.com\/index.php?rest_route=%2Fwp%2Fv2%2Fproduct_brand&post=159"},{"taxonomy":"product_cat","embeddable":true,"href":"https:\/\/test.jssteam.com\/index.php?rest_route=%2Fwp%2Fv2%2Fproduct_cat&post=159"},{"taxonomy":"product_tag","embeddable":true,"href":"https:\/\/test.jssteam.com\/index.php?rest_route=%2Fwp%2Fv2%2Fproduct_tag&post=159"}],"curies":[{"name":"wp","href":"https:\/\/api.w.org\/{rel}","templated":true}]}}