{"id":151,"date":"2026-02-23T11:27:34","date_gmt":"2026-02-23T11:27:34","guid":{"rendered":"https:\/\/test.jssteam.com\/?post_type=product&#038;p=151"},"modified":"2026-02-26T18:52:50","modified_gmt":"2026-02-26T18:52:50","slug":"ceramic-coa-cc-one-50-m","status":"publish","type":"product","link":"https:\/\/test.jssteam.com\/?product=ceramic-coa-cc-one-50-m","title":{"rendered":"SONAX PROFILINE Hybridcoating CC One"},"content":{"rendered":"<ul>\n<li>Za\u0161tita laka do 15 mjeseci<\/li>\n<li>Nano\u0161enje u jednom koraku<\/li>\n<li>Za profesionalne detailing majstore, ali i za hobi majstore<\/li>\n<li>Jednostavno nano\u0161enje<\/li>\n<li>Extremni sjaj i visoka glatko\u0107a<\/li>\n<li>50 ml dovoljno za dva kompletna auta<\/li>\n<\/ul>\n<p>Set sadr\u017ei 4 aplikatora te 50ml CC One<\/p>\n","protected":false},"excerpt":{"rendered":"<p>Za\u0161tita laka do 15 mjeseci Nano\u0161enje u jednom koraku Za profesionalne detailing majstore, ali i za hobi majstore Jednostavno nano\u0161enje Extremni sjaj i visoka glatko\u0107a 50 ml dovoljno za dva kompletna auta Set sadr\u017ei 4 aplikatora te 50ml CC One<\/p>\n","protected":false},"featured_media":227,"comment_status":"open","ping_status":"closed","template":"","meta":[],"product_brand":[],"product_cat":[17],"product_tag":[],"class_list":{"0":"post-151","1":"product","2":"type-product","3":"status-publish","4":"has-post-thumbnail","6":"product_cat-zastita-laka","8":"first","9":"instock","10":"taxable","11":"shipping-taxable","12":"purchasable","13":"product-type-simple"},"jetpack_sharing_enabled":true,"_links":{"self":[{"href":"https:\/\/test.jssteam.com\/index.php?rest_route=\/wp\/v2\/product\/151","targetHints":{"allow":["GET"]}}],"collection":[{"href":"https:\/\/test.jssteam.com\/index.php?rest_route=\/wp\/v2\/product"}],"about":[{"href":"https:\/\/test.jssteam.com\/index.php?rest_route=\/wp\/v2\/types\/product"}],"replies":[{"embeddable":true,"href":"https:\/\/test.jssteam.com\/index.php?rest_route=%2Fwp%2Fv2%2Fcomments&post=151"}],"wp:featuredmedia":[{"embeddable":true,"href":"https:\/\/test.jssteam.com\/index.php?rest_route=\/wp\/v2\/media\/227"}],"wp:attachment":[{"href":"https:\/\/test.jssteam.com\/index.php?rest_route=%2Fwp%2Fv2%2Fmedia&parent=151"}],"wp:term":[{"taxonomy":"product_brand","embeddable":true,"href":"https:\/\/test.jssteam.com\/index.php?rest_route=%2Fwp%2Fv2%2Fproduct_brand&post=151"},{"taxonomy":"product_cat","embeddable":true,"href":"https:\/\/test.jssteam.com\/index.php?rest_route=%2Fwp%2Fv2%2Fproduct_cat&post=151"},{"taxonomy":"product_tag","embeddable":true,"href":"https:\/\/test.jssteam.com\/index.php?rest_route=%2Fwp%2Fv2%2Fproduct_tag&post=151"}],"curies":[{"name":"wp","href":"https:\/\/api.w.org\/{rel}","templated":true}]}}