{"id":149,"date":"2026-02-23T11:24:03","date_gmt":"2026-02-23T11:24:03","guid":{"rendered":"https:\/\/test.jssteam.com\/?post_type=product&#038;p=149"},"modified":"2026-02-26T18:51:02","modified_gmt":"2026-02-26T18:51:02","slug":"sonax-profiline-vosak-hw-02-04","status":"publish","type":"product","link":"https:\/\/test.jssteam.com\/?product=sonax-profiline-vosak-hw-02-04","title":{"rendered":"SONAX PROFILINE Vosak HW 02-04"},"content":{"rendered":"<p>Vosak bez silikona, temeljen na nano-tehnologiji. Pru\u017ea dubok sjaj i dugotrajnu za\u0161titu za sve nove i svje\u017ee polirane lakove (standardne, metalne i otporne na ogrebotine). Odr\u017eava i osigurava dugotrajnu za\u0161titu voskom.<\/p>\n<p>Pakiranje: 1000 ml<\/p>\n","protected":false},"excerpt":{"rendered":"<p>Vosak bez silikona, temeljen na nano-tehnologiji. Pru\u017ea dubok sjaj i dugotrajnu za\u0161titu za sve nove i svje\u017ee polirane lakove (standardne, metalne i otporne na ogrebotine). Odr\u017eava i osigurava dugotrajnu za\u0161titu voskom. Pakiranje: 1000 ml<\/p>\n","protected":false},"featured_media":150,"comment_status":"open","ping_status":"closed","template":"","meta":[],"product_brand":[],"product_cat":[23,17],"product_tag":[],"class_list":{"0":"post-149","1":"product","2":"type-product","3":"status-publish","4":"has-post-thumbnail","6":"product_cat-poliranje","7":"product_cat-zastita-laka","9":"first","10":"instock","11":"taxable","12":"shipping-taxable","13":"purchasable","14":"product-type-simple"},"jetpack_sharing_enabled":true,"_links":{"self":[{"href":"https:\/\/test.jssteam.com\/index.php?rest_route=\/wp\/v2\/product\/149","targetHints":{"allow":["GET"]}}],"collection":[{"href":"https:\/\/test.jssteam.com\/index.php?rest_route=\/wp\/v2\/product"}],"about":[{"href":"https:\/\/test.jssteam.com\/index.php?rest_route=\/wp\/v2\/types\/product"}],"replies":[{"embeddable":true,"href":"https:\/\/test.jssteam.com\/index.php?rest_route=%2Fwp%2Fv2%2Fcomments&post=149"}],"wp:featuredmedia":[{"embeddable":true,"href":"https:\/\/test.jssteam.com\/index.php?rest_route=\/wp\/v2\/media\/150"}],"wp:attachment":[{"href":"https:\/\/test.jssteam.com\/index.php?rest_route=%2Fwp%2Fv2%2Fmedia&parent=149"}],"wp:term":[{"taxonomy":"product_brand","embeddable":true,"href":"https:\/\/test.jssteam.com\/index.php?rest_route=%2Fwp%2Fv2%2Fproduct_brand&post=149"},{"taxonomy":"product_cat","embeddable":true,"href":"https:\/\/test.jssteam.com\/index.php?rest_route=%2Fwp%2Fv2%2Fproduct_cat&post=149"},{"taxonomy":"product_tag","embeddable":true,"href":"https:\/\/test.jssteam.com\/index.php?rest_route=%2Fwp%2Fv2%2Fproduct_tag&post=149"}],"curies":[{"name":"wp","href":"https:\/\/api.w.org\/{rel}","templated":true}]}}