{"id":139,"date":"2026-02-23T10:53:28","date_gmt":"2026-02-23T10:53:28","guid":{"rendered":"https:\/\/test.jssteam.com\/?post_type=product&#038;p=139"},"modified":"2026-03-10T07:57:13","modified_gmt":"2026-03-10T07:57:13","slug":"sonax-profilain-04-06","status":"publish","type":"product","link":"https:\/\/test.jssteam.com\/?product=sonax-profilain-04-06","title":{"rendered":"SONAX PROFILINE EX 04-06"},"content":{"rendered":"<p>Politura na vodenoj osnovi s niskom razinom pra\u0161ine, sadr\u017ei inovativne abrazivne \u010destice specijalno razvijene za orbitalno (excenti\u010dno) strojno poliranje. Savr\u0161en sjaj bez holograma. Uklanja tragove od P2000 vodobrusnog papira. Bez silikona.<\/p>\n<p>Pakiranje: 250 ml<\/p>\n","protected":false},"excerpt":{"rendered":"<p>Politura na vodenoj osnovi s niskom razinom pra\u0161ine, sadr\u017ei inovativne abrazivne \u010destice specijalno razvijene za orbitalno (excenti\u010dno) strojno poliranje. Savr\u0161en sjaj bez holograma. Uklanja tragove od P2000 vodobrusnog papira. Bez silikona. Pakiranje: 250 ml<\/p>\n","protected":false},"featured_media":165,"comment_status":"open","ping_status":"closed","template":"","meta":[],"product_brand":[],"product_cat":[23],"product_tag":[],"class_list":{"0":"post-139","1":"product","2":"type-product","3":"status-publish","4":"has-post-thumbnail","6":"product_cat-poliranje","8":"first","9":"instock","10":"taxable","11":"shipping-taxable","12":"purchasable","13":"product-type-simple"},"jetpack_sharing_enabled":true,"_links":{"self":[{"href":"https:\/\/test.jssteam.com\/index.php?rest_route=\/wp\/v2\/product\/139","targetHints":{"allow":["GET"]}}],"collection":[{"href":"https:\/\/test.jssteam.com\/index.php?rest_route=\/wp\/v2\/product"}],"about":[{"href":"https:\/\/test.jssteam.com\/index.php?rest_route=\/wp\/v2\/types\/product"}],"replies":[{"embeddable":true,"href":"https:\/\/test.jssteam.com\/index.php?rest_route=%2Fwp%2Fv2%2Fcomments&post=139"}],"wp:featuredmedia":[{"embeddable":true,"href":"https:\/\/test.jssteam.com\/index.php?rest_route=\/wp\/v2\/media\/165"}],"wp:attachment":[{"href":"https:\/\/test.jssteam.com\/index.php?rest_route=%2Fwp%2Fv2%2Fmedia&parent=139"}],"wp:term":[{"taxonomy":"product_brand","embeddable":true,"href":"https:\/\/test.jssteam.com\/index.php?rest_route=%2Fwp%2Fv2%2Fproduct_brand&post=139"},{"taxonomy":"product_cat","embeddable":true,"href":"https:\/\/test.jssteam.com\/index.php?rest_route=%2Fwp%2Fv2%2Fproduct_cat&post=139"},{"taxonomy":"product_tag","embeddable":true,"href":"https:\/\/test.jssteam.com\/index.php?rest_route=%2Fwp%2Fv2%2Fproduct_tag&post=139"}],"curies":[{"name":"wp","href":"https:\/\/api.w.org\/{rel}","templated":true}]}}