{"id":112,"date":"2026-02-23T09:55:00","date_gmt":"2026-02-23T09:55:00","guid":{"rendered":"https:\/\/test.jssteam.com\/?post_type=product&#038;p=112"},"modified":"2026-02-26T18:44:52","modified_gmt":"2026-02-26T18:44:52","slug":"xtreme-interior-cleaner-500ml","status":"publish","type":"product","link":"https:\/\/test.jssteam.com\/?product=xtreme-interior-cleaner-500ml","title":{"rendered":"SONAX Xtreme \u010dista\u010d unutra\u0161njosti \u2013 \u010dista\u010d tapicerunga"},"content":{"rendered":"<p>Sonax Xtreme \u010dista\u010d unutra\u0161njosti posebno je razvijen za higijensku \u010disto\u0107u u automobilu i doma\u0107instvu. Higijenski u\u010dinak prodire duboko i neutralizira neugodan miris. Mo\u0107na formula nje\u017eno, ali u\u010dinkovito uklanja tvrdokornu prljav\u0161tinu iz tapeciranih sjedala, krovnih i obloga na vratima\u2026 Istodobno, brzo \u00a0i trajno uklanja neugodne mirise od dima, \u017eivotinja i sli\u010dno. Za \u010distu svje\u017einu u \u00a0automobilu i doma\u0107instvu.<\/p>\n<p>Pakiranja: 500 ml<\/p>\n","protected":false},"excerpt":{"rendered":"<p>Sonax Xtreme \u010dista\u010d unutra\u0161njosti posebno je razvijen za higijensku \u010disto\u0107u u automobilu i doma\u0107instvu. Higijenski u\u010dinak prodire duboko i neutralizira neugodan miris. Mo\u0107na formula nje\u017eno, ali u\u010dinkovito uklanja tvrdokornu prljav\u0161tinu iz tapeciranih sjedala, krovnih i obloga na vratima\u2026 Istodobno, brzo \u00a0i trajno uklanja neugodne mirise od dima, \u017eivotinja i sli\u010dno. Za \u010distu svje\u017einu u \u00a0automobilu [&hellip;]<\/p>\n","protected":false},"featured_media":223,"comment_status":"open","ping_status":"closed","template":"","meta":[],"product_brand":[],"product_cat":[26],"product_tag":[],"class_list":{"0":"post-112","1":"product","2":"type-product","3":"status-publish","4":"has-post-thumbnail","6":"product_cat-ciscenje","8":"first","9":"instock","10":"taxable","11":"shipping-taxable","12":"purchasable","13":"product-type-simple"},"jetpack_sharing_enabled":true,"_links":{"self":[{"href":"https:\/\/test.jssteam.com\/index.php?rest_route=\/wp\/v2\/product\/112","targetHints":{"allow":["GET"]}}],"collection":[{"href":"https:\/\/test.jssteam.com\/index.php?rest_route=\/wp\/v2\/product"}],"about":[{"href":"https:\/\/test.jssteam.com\/index.php?rest_route=\/wp\/v2\/types\/product"}],"replies":[{"embeddable":true,"href":"https:\/\/test.jssteam.com\/index.php?rest_route=%2Fwp%2Fv2%2Fcomments&post=112"}],"wp:featuredmedia":[{"embeddable":true,"href":"https:\/\/test.jssteam.com\/index.php?rest_route=\/wp\/v2\/media\/223"}],"wp:attachment":[{"href":"https:\/\/test.jssteam.com\/index.php?rest_route=%2Fwp%2Fv2%2Fmedia&parent=112"}],"wp:term":[{"taxonomy":"product_brand","embeddable":true,"href":"https:\/\/test.jssteam.com\/index.php?rest_route=%2Fwp%2Fv2%2Fproduct_brand&post=112"},{"taxonomy":"product_cat","embeddable":true,"href":"https:\/\/test.jssteam.com\/index.php?rest_route=%2Fwp%2Fv2%2Fproduct_cat&post=112"},{"taxonomy":"product_tag","embeddable":true,"href":"https:\/\/test.jssteam.com\/index.php?rest_route=%2Fwp%2Fv2%2Fproduct_tag&post=112"}],"curies":[{"name":"wp","href":"https:\/\/api.w.org\/{rel}","templated":true}]}}